{"id":2227,"date":"2021-05-25T14:25:35","date_gmt":"2021-05-25T05:25:35","guid":{"rendered":"https:\/\/www.waseda-flc.ac.jp\/course\/japanese\/?page_id=2227"},"modified":"2024-05-09T08:33:03","modified_gmt":"2024-05-08T23:33:03","slug":"vi-about","status":"publish","type":"page","link":"https:\/\/www.waseda-flc.ac.jp\/course\/japanese\/vi\/about\/","title":{"rendered":"Gi\u1edbi thi\u1ec7u v\u1ec1 Tr\u01b0\u1eddng"},"content":{"rendered":"<br \/>\n<section class=\"history\">\n<div class=\"clearfix\">\n<h3>T\u1ed5ng qu\u00e1t<\/h3>\n<div class=\"flex-wrap\">\n<div class=\"w65\">\n<table class=\"gaiyou\">\n<tr>\n<td>T\u00ean tr\u01b0\u1eddng<\/td>\n<td>T\u1eadp \u0111o\u00e0n  Kounan tr\u01b0\u1eddng Cao \u0111\u1eb3ng ngo\u1ea1i ng\u1eef Waseda<\/td>\n<\/tr>\n<tr>\n<td>Th\u00e0nh l\u1eadp<\/td>\n<td>N\u0103m1992, (Th\u00e0nh l\u1eadp khoa ti\u1ebfng Nh\u1eadt th\u00e1ng 4 n\u0103m 2000)<\/td>\n<\/tr>\n<tr>\n<td>Ch\u1ee7 t\u1ecbch<\/td>\n<td>Koyama Masao<\/td>\n<\/tr>\n<tr>\n<td>\u0110\u1ecba ch\u1ec9<\/td>\n<td>1-23-9 Takadanobaba, Shinjuku-ku, Tokyo, Japan \u3012169-0075<\/td>\n<\/tr>\n<tr>\n<td>S\u0110T<\/td>\n<td>03-3208-8801<\/td>\n<\/tr>\n<tr>\n<td>FAX<\/td>\n<td>03-3208-8807<\/td>\n<\/tr>\n<tr>\n<td>e-mail<\/td>\n<td>waseda.flc.ac.jp@gmail.com<\/td>\n<\/tr>\n<tr>\n<td>URL<\/td>\n<td>https:\/\/www.waseda-flc.ac.jp\/course\/japanese\/<\/td>\n<\/tr>\n<\/table><\/div>\n<div class=\"w35\">\n\t\t\t<img decoding=\"async\" src=\"\/common2020\/imgs\/about\/japanese\/campus_photo.jpg\" alt=\"\" width=\"300\">\n\t\t<\/div>\n<\/p><\/div>\n<\/p><\/div>\n<\/section>\n<section class=\"history\">\n<div class=\"clearfix\">\n<h3>L\u1ecbch s\u1eed<\/h3>\n<h5>Ch\u00fang t\u00f4i cung c\u1ea5p m\u1ed9t m\u00f4i tr\u01b0\u1eddng to\u00e0n c\u1ea7u \u0111\u1ec3 trao \u0111\u1ed5i qu\u1ed1c t\u1ebf c\u00f9ng v\u1edbi Khoa Ti\u1ebfng Anh<\/h5>\n<p>Ng\u00e0y 1 th\u00e1ng 4 n\u0103m 1992 tr\u01b0\u1eddng ch\u00fang t\u00f4i \u0111\u01b0\u1ee3c th\u1ed1ng \u0111\u1ed1c Tokyo ch\u1ee9ng nh\u1eadn l\u00e0 tr\u01b0\u1eddng cao \u0111\u1eb3ng.<br \/>\nNg\u01b0\u1eddi th\u00e0nh l\u1eadp t\u1eadp \u0111o\u00e0n Kounan v\u1ec1 l\u0129nh v\u1ef1c \u0111\u00e0o t\u1ea1o luy\u1ec7n thi \u0111\u1ea1i h\u1ecdc c\u00f3 b\u1ec1 d\u00e0y th\u00e0nh t\u00edch n\u1eeda th\u1ebf k\u1ef7 l\u1eadp ra tr\u01b0\u1eddng luy\u1ec7n thi \u0111\u1ea1i h\u1ecdc &#8220;Waseda Seminar&#8221;. M\u1ee5c \u0111\u00edch th\u00e0nh l\u1eadp ra tr\u01b0\u1eddng nh\u1eb1m ph\u00e1t tri\u1ec3n ngu\u1ed3n nh\u00e2n l\u1ef1c c\u00f3 th\u1ec3 s\u1eed d\u1ee5ng \u0111\u1ea7y \u0111\u1ee7 &#8220;ng\u00f4n ng\u1eef&#8221; v\u00e0 &#8220;m\u00e1y t\u00ednh nh\u01b0 k\u1ef9 n\u0103ng kinh doanh&#8221; l\u00e0m ph\u01b0\u01a1ng ti\u1ec7n giao ti\u1ebfp t\u1ea1i Nh\u1eadt B\u1ea3n. <\/p>\n<p>May m\u1eafn l\u00e0 c\u00f3 nh\u1eefng sinh vi\u00ean kh\u00f3a \u0111\u1ea7u t\u1ed1t nghi\u1ec7p tr\u01b0\u1eddng ch\u00fang t\u00f4i \u0111\u00e3 c\u00f3 nh\u1eefng th\u00e0nh t\u00edch l\u00e0m vi\u1ec7c nh\u1eefng n\u01a1i nh\u01b0 trong b\u1ed9 ph\u1eadn qu\u1ed1c t\u1ebf c\u1ee7a ng\u00e2n h\u00e0ng, th\u1ebf gi\u1edbi t\u00e0i ch\u00ednh nh\u01b0 c\u00f4ng ty ch\u1ee9ng kho\u00e1n, kh\u00e1ch s\u1ea1n qu\u1ed1c t\u1ebf, c\u00f4ng ty th\u01b0\u01a1ng m\u1ea1i v\u00e0 nh\u00e0 s\u1ea3n xu\u1ea5t. D\u1ef1a tr\u00ean nh\u1eefng th\u00e0nh t\u1ef1u \u0111\u00f3, \u0111\u1ec3 t\u1ea1o m\u1ed9t n\u01a1i cho nh\u1eefng ng\u01b0\u1eddi c\u00f3 n\u1ec1n v\u0103n h\u00f3a kh\u00e1c nhau h\u1ecdc &#8220;Ti\u1ebfng Nh\u1eadt&#8221; v\u00e0 &#8220;V\u0103n h\u00f3a Nh\u1eadt B\u1ea3n&#8221;, tr\u01b0\u1eddng ch\u00fang t\u00f4i \u0111\u00e3 th\u00e0nh l\u1eadp Khoa Ti\u1ebfng Nh\u1eadt v\u00e0o th\u00e1ng 4 n\u0103m 2000 \u0111\u1ec3 t\u1ea1o m\u1ed9t m\u00f4i tr\u01b0\u1eddng c\u00f3 th\u1ec3 trao \u0111\u1ed5i qu\u1ed1c t\u1ebf c\u00f9ng v\u1edbi Khoa Ti\u1ebfng Anh.<\/p>\n<p class=\"wasedazemilink\">\u203bGi\u1edbi thi\u1ec7u v\u1ec1 tr\u01b0\u1eddng ch\u1ecb em <a href=\"https:\/\/www.wasedazemi.ac.jp\/\">&#8220;Waseda Seminar&#8221;<\/a><\/p>\n<div class=\"flex-wrap\">\n<div class=\"w65\">\n<p>L\u00e0 ng\u00f4i tr\u01b0\u1eddng d\u1ef1 b\u1ecb \u0111\u1ec3 luy\u1ec7n thi \u0111\u1ea1i h\u1ecdc \u0111\u01b0\u1ee3c nhi\u1ec1u b\u1ea1n tr\u1ebb hi\u1ec7n nay bi\u1ebft \u0111i\u1ebfn, t\u1eebng xu\u1ea5t hi\u1ec7n t\u00ean tr\u01b0\u1eddng tr\u00ean nhi\u1ec1u b\u1ed9 phim d\u00e0i t\u1eadp chi\u1ebfu tr\u00ean to\u00e0n n\u01b0\u1edbc Nh\u1eadt. N\u0103m 1953 th\u00e0nh l\u1eadp theo tri\u1ebft l\u00fd gi\u00e1o d\u1ee5c c\u1ee7a c\u1ee7a th\u1ea7y Koyama Masao d\u1ef1a theo l\u1eddi c\u1ee7a \u00f4ng Uchimura Kanzo  \uff62I for Japan, Japan for the world, the world for peace and all for humanity.\uff63\u2009 (T\u00f4i v\u00ec Nh\u1eadt B\u1ea3n, Nh\u1eadt B\u1ea3n v\u00ec th\u1ebf gi\u1edbi, th\u1ebf gi\u1edbi v\u00ec h\u00f2a b\u00ecnh v\u00e0 t\u1ea5t c\u1ea3 v\u00ec nh\u00e2n lo\u1ea1i.) Tinh th\u1ea7n n\u00e0y \u0111\u00e3 \u0111\u01b0\u1ee3c truy\u1ec1n l\u1ea1i cho Tr\u01b0\u1eddng Cao \u0111\u1eb3ng Ngo\u1ea1i ng\u1eef Waseda. <\/p>\n<\/p><\/div>\n<div class=\"w35\">\n<p><img decoding=\"async\" src=\"\/common2020\/imgs\/about\/japanese\/wasedazemi.png\" alt=\"\" width=\"300\"><\/p>\n<\/p><\/div>\n<\/p><\/div>\n<\/p><\/div>\n<\/section>\n<section class=\"clearfix\">\n<h3>L\u1eddi ch\u00e0o c\u1ee7a Ch\u1ee7 t\u1ecbch<\/h3>\n<div class=\"f_left mr1\">\n\t\t\t\t<img loading=\"lazy\" decoding=\"async\" src=\"https:\/\/www.waseda-flc.ac.jp\/course\/japanese\/wp-content\/uploads\/2024\/05\/1CA2F6DC-3B85-4C25-BADB-0A5D976EE0F3-233x300.png\" alt=\"\u5c0f\u5c71 \u58ee\u592b\" width=\"233\" height=\"300\" class=\"alignnone size-medium wp-image-2425\" srcset=\"https:\/\/www.waseda-flc.ac.jp\/course\/japanese\/wp-content\/uploads\/2024\/05\/1CA2F6DC-3B85-4C25-BADB-0A5D976EE0F3-233x300.png 233w, https:\/\/www.waseda-flc.ac.jp\/course\/japanese\/wp-content\/uploads\/2024\/05\/1CA2F6DC-3B85-4C25-BADB-0A5D976EE0F3.png 410w\" sizes=\"(max-width: 233px) 100vw, 233px\" \/>\n\t\t\t<\/div>\n<p>G\u1eedi t\u1edbi c\u00e1c em h\u1ecdc sinh \u0111ang mu\u1ed1n h\u1ecdc ti\u1ebfng Nh\u1eadt.<\/p>\n<p>Xin ch\u00e0o! T\u00f4i t\u00ean l\u00e0 Koyama Masao ch\u1ee7 t\u1ecbch c\u1ee7a tr\u01b0\u1eddng Cao \u0111\u1eb3ng ngo\u1ea1i ng\u1eef Waseda. T\u00f4i xin c\u00f3 v\u00e0i l\u1eddi mu\u1ed1n n\u00f3i. <\/p>\n<p>\u1ede Nh\u1eadt B\u1ea3n c\u00f3 c\u00e2u: \u201c\u1ebech ng\u1ed3i \u0111\u00e1y gi\u1ebfng\u201d. \u00dd n\u00f3i con \u1ebfch s\u1ed1ng trong gi\u1ebfng nh\u1ecf kh\u00f4ng bi\u1ebft ngo\u00e0i kia l\u00e0 \u0111\u1ea1i d\u01b0\u01a1ng r\u1ed9ng l\u1edbn, t\u1ee9c l\u00e0 th\u1ebf gi\u1edbi r\u1ed9ng, t\u1ee9c l\u00e0 \u0111i ra ngo\u00e0i v\u00e0 \u0111i ra th\u1ebf gi\u1edbi r\u1ed9ng l\u1edbn kh\u00e1c ch\u1ee9 kh\u00f4ng ch\u1ec9 l\u00e0 th\u1ebf gi\u1edbi ch\u1eadt h\u1eb9p xung quanh. \u0110i\u1ec1u quan tr\u1ecdng l\u00e0 ph\u1ea3i bi\u1ebft. Trong ti\u1ebfng Anh, n\u00f3 c\u00f3 v\u1ebb \u0111\u01b0\u1ee3c d\u1ecbch l\u00e0 Con \u1ebfch trong gi\u1ebfng kh\u00f4ng bi\u1ebft g\u00ec v\u1ec1 \u0111\u1ea1i d\u01b0\u01a1ng l\u1edbn.<\/p>\n<p>Hi\u1ec7n gi\u1edd c\u00e1c b\u1ea1n c\u0169ng gi\u1ed1ng nh\u01b0 ch\u00fa \u1ebech \u0111i ra t\u1eeb \u0111\u1ea5t n\u01b0\u1edbc m\u00ecnh \u0111\u1ebfn \u0111\u1ea5t n\u01b0\u1edbc kh\u00e1c nh\u01b0 Nh\u1eadt B\u1ea3n, \u0111i\u1ec1u \u0111\u00f3 l\u00e0 \u0111i\u1ec1u r\u1ea5t tuy\u1ec7t v\u1eddi. \u0110\u1ec3 bi\u1ebft v\u1ec1 \u0111\u1ea5t n\u01b0\u1edbc \u0111\u00f3 th\u00ec c\u0169ng ph\u1ea3i hi\u1ec3u ng\u1ed3n ng\u1eef c\u1ee7a \u0111\u1ea5t n\u01b0\u1edbc \u0111\u00f3 t\u00f4i r\u1ea5t n\u1ec3 ph\u1ee5c tinh th\u1ea7n \u0111\u00f3.<\/p>\n<p>Nh\u1eadt B\u1ea3n l\u00e0 \u0111\u1ea5t n\u01b0\u1edbc ngay c\u1ea3 v\u1edbi ng\u01b0\u1eddi Nh\u1eadt ch\u00fang t\u00f4i c\u0169ng ph\u1ea3i nh\u1edb r\u1ea5t nhi\u1ec1u ng\u00f4n ng\u1eef. V\u00ed d\u1ee5 nh\u01b0 ch\u1eef Hiragana, Katakana, ch\u1eef H\u00e1n v\u00e0 c\u1ea3 ch\u1eef ROMAJI, \u0111\u1ed1i v\u1edbi m\u1ed7i ng\u01b0\u1eddi c\u00e1ch s\u1eed d\u1ee5ng t\u1eeb ng\u1eef l\u1ea1i kh\u00e1c nhau trong \u0111\u00f3  Vi\u1ec7c s\u1eed d\u1ee5ng nh\u1eefng t\u1eeb \u0111\u01b0\u1ee3c g\u1ecdi l\u00e0 k\u00ednh ng\u1eef r\u1ea5t r\u1eafc r\u1ed1i.<\/p>\n<p>Nh\u01b0ng t\u00f4i ch\u1eafc r\u1eb1ng ng\u01b0\u1eddi Nh\u1eadt s\u1ebd quan t\u00e2m v\u00e0 t\u1ed1t v\u1edbi b\u1ea1n. V\u00ec v\u1eady, \u0111\u1eebng s\u1ee3 m\u1eafc l\u1ed7i, \u0111\u1eebng ng\u1ea1i ng\u00f9ng v\u00e0 h\u00e3y c\u1ed1 g\u1eafng s\u1eed d\u1ee5ng ti\u1ebfng Nh\u1eadt m\u00e0 b\u1ea1n \u0111\u00e3 h\u1ecdc ng\u00e0y c\u00e0ng nhi\u1ec1u h\u01a1n.<\/p>\n<p>Hi\u1ec7n nay, c\u00e1c c\u00f4ng ty Nh\u1eadt B\u1ea3n \u0111ang t\u00ecm ki\u1ebfm m\u1ed9t th\u1ecb tr\u01b0\u1eddng r\u1ed9ng r\u00e3i \u1edf n\u01b0\u1edbc ngo\u00e0i t\u1eeb th\u1ecb tr\u01b0\u1eddng h\u1eb9p l\u00e0 Nh\u1eadt B\u1ea3n. \u0110\u1ec3 l\u00e0m \u0111\u01b0\u1ee3c \u0111i\u1ec1u n\u00e0y,  c\u1ea7n ngu\u1ed3n nh\u00e2n l\u1ef1c c\u00f3 th\u1ec3 n\u00f3i ti\u1ebfng Nh\u1eadt v\u00e0 c\u00f3 th\u1ec3 n\u00f3i ti\u1ebfng b\u1ea3n \u0111\u1ecba, v\u00e0 ch\u00fang t\u00f4i \u0111ang c\u1ed1 g\u1eafng \u0111\u00e0o t\u1ea1o nh\u1eefng nh\u00e2n l\u1ef1c nh\u01b0 v\u1eady. \u0110\u00e2y l\u00e0 c\u01a1 h\u1ed9i tuy\u1ec7t v\u1eddi \u0111\u1ec3 b\u1ea1n ki\u1ebfm \u0111\u01b0\u1ee3c vi\u1ec7c l\u00e0m t\u1ea1i c\u00f4ng ty Nh\u1eadt B\u1ea3n.<\/p>\n<p>H\u00e3y bay \u0111\u1ebfn th\u1ebf gi\u1edbi r\u1ed9ng l\u1edbn h\u01a1n sau khi h\u1ecdc t\u1ed1t ti\u1ebfng Nh\u1eadt d\u01b0\u1edbi s\u1ef1 h\u01b0\u1edbng d\u1eabn c\u1ee7a nh\u1eefng gi\u00e1o vi\u00ean gi\u1ecfi v\u00e0 t\u1ed1t b\u1ee5ng t\u1ea1i Khoa ti\u1ebfng Nh\u1eadt c\u1ee7a Tr\u01b0\u1eddng Cao \u0111\u1eb3ng Ngo\u1ea1i ng\u1eef Waseda c\u1ee7a ch\u00fang t\u00f4i. <\/p>\n<p>T\u00f4i xin ch\u00e2n th\u00e0nh ch\u00fac c\u00e1c b\u1ea1n nh\u1eefng \u0111i\u1ec1u t\u1ed1t \u0111\u1eb9p v\u00e0 th\u00e0nh c\u00f4ng.<\/p>\n<\/section>\n<section class=\"history\">\n<div class=\"clearfix\">\n<h3>\u0110\u1eb7c tr\u01b0ng<\/h3>\n<h6>T\u1eeb vi\u1ec7c h\u1ecdc l\u00ean \u0111\u1ebfn xin vi\u1ec7c l\u00e0m h\u1ed7 tr\u1ee3 to\u00e0n di\u1ec7n c\u00e1c kh\u00f3a h\u1ecdc \u0111\u1ec3 m\u1edf ra con \u0111\u01b0\u1eddng r\u1ed9ng l\u1edbn.<\/h6>\n<p>Kh\u00f4ng ch\u1ec9 nh\u1eefng sinh vi\u00ean mu\u1ed1n h\u1ecdc ti\u1ebfp l\u00ean \u0111\u1ea1i h\u1ecdc ho\u1eb7c tr\u01b0\u1eddng d\u1ea1y ngh\u1ec1 \u1edf Nh\u1eadt B\u1ea3n, m\u00e0 c\u1ea3 nh\u1eefng sinh vi\u00ean mu\u1ed1n ki\u1ebfm vi\u1ec7c l\u00e0m t\u1ea1i Nh\u1eadt B\u1ea3n, \u0111\u1ea5t n\u01b0\u1edbc c\u1ee7a h\u1ecd ho\u1eb7c \u1edf n\u01b0\u1edbc ngo\u00e0i c\u0169ng \u0111ang theo h\u1ecdc t\u1ea1i tr\u01b0\u1eddng. V\u00ec s\u1ed1 l\u01b0\u1ee3ng sinh vi\u00ean m\u1ed9t l\u1edbp \u00edt n\u00ean c\u00f3 th\u1ec3 h\u01b0\u1edbng d\u1eabn chi ti\u1ebft c\u1ee5 th\u1ec3 \u0111\u1ec3 \u0111\u00e1p \u1ee9ng m\u1ecdi nhu c\u1ea7u c\u1ee7a sinh vi\u00ean. <\/p>\n<h6>H\u01b0\u1edbng d\u1eabn \u0111\u1ecbnh h\u01b0\u1edbng ngh\u1ec1 nghi\u1ec7p chi ti\u1ebft \u0111\u1ea1t t\u1ef7 l\u1ec7 100% h\u1ecdc l\u00ean<\/h6>\n<p>\u0110\u1ed1i v\u1edbi nh\u1eefng sinh vi\u00ean c\u00f3 nguy\u1ec7n v\u1ecdng h\u1ecdc l\u00ean c\u00e1c tr\u01b0\u1eddng cao \u0111\u1eb3ng \u0111\u1ea1i h\u1ecdc gi\u00e1o vi\u00ean ch\u1ee7 nhi\u1ec7m s\u1ebd h\u01b0\u1edbng d\u1eabn chi ti\u1ebft t\u1eebng b\u1ea1n c\u00e1ch ph\u1ecfng v\u1ea5n v\u00e0 c\u00e1ch vi\u1ebft h\u1ed3 s\u01a1. Nh\u1eefng sinh vi\u00ean c\u00f3 nguy\u1ec7n v\u1ecdng h\u1ecdc l\u00ean Cao H\u1ecdc s\u1ebd l\u00ean k\u1ebf ho\u1ea1ch nghi\u00ean c\u1ee9u \u0111\u1ec1 t\u00e0i v\u00e0 h\u1ed7 tr\u1ee3 luy\u1ec7n t\u1eadp ph\u1ecfng v\u1ea5n.<\/p>\n<h6>H\u1ed7 tr\u1ee3 xin vi\u1ec7c l\u00e0m<\/h6>\n<p>Theo chuy\u00ean gia trung t\u00e2m gi\u1edbi thi\u1ec7u vi\u1ec7c l\u00e0m c\u1ee7a nh\u00e0 n\u01b0\u1edbc ( Halowork) th\u00ec B\u00e0i gi\u1ea3ng v\u1ec1 c\u00e1ch ti\u1ebfn h\u00e0nh t\u00ecm vi\u1ec7c l\u00e0m \u1edf Nh\u1eadt B\u1ea3n&#8221; \u0111\u01b0\u1ee3c m\u1edf t\u1ea1i tr\u01b0\u1eddng. Ch\u00fang t\u00f4i s\u1ebd \u0111\u0103ng k\u00fd s\u1eed d\u1ee5ng t\u1ea1i trung t\u00e2m v\u00e0 h\u1ed7 tr\u1ee3 t\u01b0 v\u1ea5n c\u00e1 nh\u00e2n v\u1edbi c\u00e1c chuy\u00ean gia v\u00e0 tham gia ph\u1ecfng v\u1ea5n. Ngo\u00e0i ra, gi\u00e1o vi\u00ean tr\u00e1ch l\u1edbp h\u1ecdc s\u1ebd d\u1ea1y ri\u00eang c\u00e1ch \u0111\u0103ng k\u00fd, ch\u1ec9nh s\u1eeda s\u01a1 y\u1ebfu l\u00fd l\u1ecbch v\u00e0 th\u1ef1c h\u00e0nh ph\u1ecfng v\u1ea5n. <\/p>\n<h6>B\u1ea1n c\u00f3 th\u1ec3 h\u1ecdc ti\u1ebfng Nh\u1eadt c\u00f9ng ng\u01b0\u1eddi Nh\u1eadt t\u1ea1i khoa ti\u1ebfng Anh c\u1ee7a tr\u01b0\u1eddng<\/h6>\n<p>\u0110\u1ecba \u0111i\u1ec3m Khoa ti\u1ebfng Nh\u1eadt c\u00f9ng v\u1edbi Khoa ti\u1ebfng Anh n\u00ean c\u00f3 r\u1ea5t nhi\u1ec1u ng\u01b0\u1eddi nh\u1eadt h\u1ecdc t\u1ea1i c\u00f9ng t\u00f2a nh\u00e0 v\u00ec v\u1eady l\u00e0 m\u00f4i tr\u01b0\u1eddng h\u1ecdc t\u1ed1t. Giao l\u01b0u v\u1edbi sinh vi\u00ean ng\u01b0\u1eddi Nh\u1eadt \u0111\u1ec3 c\u00f3 th\u1ec3 h\u1ecdc \u0111\u01b0\u1ee3c v\u0103n h\u00f3a phong t\u1ee5c t\u1eadp qu\u00e1n th\u1ef1c t\u1ebf c\u1ee7a ng\u01b0\u1eddi Nh\u1eadt ngo\u00e0i gi\u1edd hoc tr\u00ean l\u1edbp. C\u00e1c s\u1ef1 ki\u1ec7n chung c\u1ee7a c\u1ea3 hai khoa c\u0169ng \u0111\u01b0\u1ee3c t\u1ed5 ch\u1ee9c, v\u00e0 ho\u1ea1t \u0111\u1ed9ng giao l\u01b0u gi\u1eefa c\u00e1c n\u1ec1n v\u0103n h\u00f3a c\u0169ng di\u1ec5n ra s\u00f4i n\u1ed5i. Ch\u00fang t\u00f4i c\u0169ng c\u00f3 m\u1ed9t h\u1ec7 th\u1ed1ng h\u1ecdc th\u00eam cho c\u00e1c kh\u00f3a h\u1ecdc trong Khoa Ti\u1ebfng Anh t\u1ed5ng h\u1ee3p.<\/p>\n<h6>H\u1ec7 th\u1ed1ng h\u1ecdc th\u00eam ti\u1ebfng Anh v\u00e0 c\u00f3 th\u1ec3 h\u1ecdc l\u00ean chuy\u00ean m\u00f4n ng\u00e0nh Ti\u1ebfng Anh t\u1ed5ng h\u1ee3p t\u1ea1i tr\u01b0\u1eddng<\/h6>\n<p>B\u1ea1n c\u00f3 th\u1ec3 v\u1eeba h\u1ecdc ti\u1ebfng Anh v\u1eeba h\u1ecdc ti\u1ebfng Nh\u1eadt b\u1eb1ng c\u00e1ch s\u1eed d\u1ee5ng h\u1ec7 th\u1ed1ng h\u1ecdc th\u00eam t\u1ea1i khoa ti\u1ebfng Anh t\u1ed5ng h\u1ee3p c\u1ee7a tr\u01b0\u1eddng B\u1ea1n c\u0169ng c\u00f3 th\u1ec3 h\u1ecdc ti\u1ebfng H\u00e0n, ti\u1ebfng Trung v\u00e0 ti\u1ebfng Ph\u00e1p, l\u00e0 nh\u1eefng ngo\u1ea1i ng\u1eef th\u1ee9 hai c\u1ee7a Khoa ti\u1ebfng Anh t\u1ed5ng h\u1ee3p. Sau khi t\u1ed1t nghi\u1ec7p khoa ti\u1ebfng Nh\u1eadt c\u00e1c b\u1ea1n c\u00f3 th\u1ec3 \u0111\u01b0\u1ee3c tuy\u1ec3n ch\u1ecdn \u0111\u1eb7c bi\u1ec7t \u0111\u01b0\u1ee3c \u01b0u \u0111\u00e3i \u0111\u1ec3 v\u00e0o khoa ti\u1ebfng anh. N\u1ebfu th\u00f4ng th\u1ea1o ti\u1ebfng Nh\u1eadt v\u00e0 ti\u1ebfng Anh b\u1ea1n s\u1ebd c\u00f3 nhi\u1ec1u c\u01a1 h\u1ed9i cho s\u1ef1 nghi\u1ec7p h\u01a1n.<\/p>\n<p><a href=\"https:\/\/www.waseda-flc.ac.jp\/\" target=\"_blank\" rel=\"noopener noreferrer\">B\u1ea5m v\u00e0o \u0111\u00e2y \u0111\u1ec3 xem trang ch\u1ee7 c\u1ee7a Khoa Ti\u1ebfng Anh t\u1ed5ng h\u01a1p. <\/a><\/p>\n<h6>Tr\u01b0\u1eddng g\u1ea7n shinjyuku, ikebukuro<\/h6>\n<p>\u0110\u1ecba \u0111i\u1ec3m c\u1ee7a tr\u01b0\u1eddng thu\u1ed9c khu Takadanobaba t\u1eeb n\u01a1i n\u00e0y \u0111i \u0111\u1ebfn c\u00e1c \u0111i\u1ec3m l\u1edbn nh\u01b0 Shinjyuku, ikebukuro r\u1ea5t g\u1ea7n khu v\u1ef1c quanh tr\u01b0\u1eddng c\u00f3 r\u1ea5t nhi\u1ec1u tr\u01b0\u1eddng \u0111\u1ea1i h\u1ecdc v\u00e0 chuy\u00ean m\u00f4n. Tr\u01b0\u1eddng c\u00f3 k\u00fd t\u00fac d\u00e0nh cho N\u1eef c\u00e1c b\u1ea1n c\u00f3 th\u1ec3 y\u00ean t\u00e2m h\u01b0\u1edfng th\u1ee5 \u0111\u1eddi s\u1ed1ng sinh vi\u00ean c\u1ee7a m\u00ecnh t\u1ea1i Nh\u1eadt.<\/p>\n<\/p><\/div>\n<\/section>\n<section class=\"history\">\n<div class=\"clearfix\">\n<h3>Th\u00e0nh t\u1ef1u<\/h3>\n<div class=\"flex-wrap\">\n<div class=\"w65\">\n<h6>\u5927\u5b66\u9662<\/h6>\n<p>\u5317\u9678\u5148\u7aef\u79d1\u5b66\u6280\u8853\u5927\u5b66\u9662\u5927\u5b66\u3000\u60c5\u5831\u79d1\u5b66\u7814\u7a76\u79d1<\/p>\n<p>\u6771\u4eac\u85dd\u8853\u5927\u5b66\u5927\u5b66\u9662\u97f3\u697d\u7814\u7a76\u79d1<\/p>\n<p>\u5609\u60a6\u5927\u5b66\u5927\u5b66\u9662\u30d3\u30b8\u30cd\u30b9\u5275\u9020\u7814\u7a76\u79d1<\/p>\n<p>\u6771\u4eac\u5927\u5b66\u5927\u5b66\u9662\u4eba\u6587\u793e\u4f1a\u7cfb\u7814\u7a76\u79d1\u3000\u30a2\u30b8\u30a2\u6587\u5316\u7814\u7a76\u79d1<\/p>\n<p>\u685c\u7f8e\u6797\u5927\u5b66\u5927\u5b66\u9662\u7d4c\u55b6\u5b66\u7814\u7a76\u79d1<\/p>\n<p>\u6a2a\u6d5c\u56fd\u7acb\u5927\u5b66\u5927\u5b66\u9662\u7d4c\u6e08\u5b66\u7814\u7a76\u79d1<\/p>\n<p>\u4e0a\u667a\u5927\u5b66\u5927\u5b66\u9662\u6559\u80b2\u5b66\u5c02\u653b\u7814\u7a76\u751f<\/p>\n<p>\u65e9\u7a32\u7530\u5927\u5b66\u5927\u5b66\u9662\u4eba\u9593\u79d1\u5b66\u7814\u7a76\u79d1<\/p>\n<p>\u660e\u661f\u5927\u5b66\u5927\u5b66\u9662\u7d4c\u6e08\u5b66\u7814\u7a76\u79d1<\/p>\n<p>\u6771\u4eac\u533b\u79d1\u6b6f\u79d1\u5927\u5b66\u5927\u5b66\u9662\u90e8\u5206\u5e8a\u7fa9\u6b6f\u88dc\u7db4\u5b66\u5206\u91ce<\/p>\n<p>\u6771\u4eac\u5927\u5b66\u5927\u5b66\u9662\u3000\u60c5\u5831\u7406\u5de5\u5b66\u7cfb\u7814\u7a76\u79d1\u3000\u30b7\u30b9\u30c6\u30e0\u60c5\u5831\u5b66\u3000\u5c02\u653b\u4fee\u58eb\u8ab2\u7a0b<\/p>\n<p>\u62d3\u6b96\u5927\u5b66\u3000\u56fd\u969b\u5354\u529b\u5b66\u3000\u56fd\u969b\u958b\u767a<\/p>\n<p>\u6cd5\u653f\u5927\u5b66\u5927\u5b66\u9662\u3000\u56fd\u969b\u65e5\u672c\u5b66\u30a4\u30f3\u30b9\u30c6\u30a3\u30c6\u30e5\u30fc\u30c8\u3000\u65e5\u672c\u6587\u5b66\u5c02\u653b<\/p>\n<p>\u5ca9\u624b\u5927\u5b66\u3000\u7dcf\u5408\u79d1\u5b66\u7814\u7a76\u79d1\u4fee\u58eb\u8ab2\u7a0b\u3000\u8fb2\u5b66\u5c02\u653b\u3000\u5fdc\u7528\u751f\u7269\u5316\u5b66\u30b3\u30fc\u30b9<\/p>\n<h6>\u5927\u5b66<\/h6>\n<p>\u660e\u6d77\u5927\u5b66\u7d4c\u6e08\u5b66\u90e8<\/p>\n<p>\u95a2\u6771\u5b66\u9662\u5927\u5b66\u5de5\u5b66\u90e8<\/p>\n<p>\u6771\u6d0b\u5927\u5b66\u7d4c\u6e08\u5b66\u90e8<\/p>\n<p>\u6e58\u5357\u5de5\u79d1\u5927\u5b66<\/p>\n<p>\u7acb\u6559\u5927\u5b66\u6587\u5b66\u90e8<\/p>\n<p>\u660e\u6cbb\u5927\u5b66\u6587\u5b66\u90e8<\/p>\n<p>\u6771\u6d0b\u5927\u5b66\u7d4c\u55b6\u5b66\u90e8<\/p>\n<p>\u5609\u60a6\u5927\u5b66\u7d4c\u6e08\u5b66\u90e8<\/p>\n<h6>\u5c31\u8077<\/h6>\n<p>\u65e5\u672c\u56fd\u5185\u5c31\u8077\u8005\u6570<\/p>\n<p>2015\u5e74\u5ea6\u300011\u540d<\/p>\n<p>2016\u5e74\u5ea6\u30007\u540d<\/p>\n<p>2017\u5e74\u5ea6\u30002\u540d<\/p>\n<p>2018\u5e74\u5ea6\u300017\u540d<\/p>\n<p>2019\u5e74\u5ea6\u300018\u540d<\/p>\n<p>2020\u5e74\u5ea6\u300010\u540d<\/p>\n<\/p><\/div>\n<div class=\"w35\">\n<h6>\u5c02\u9580\u5b66\u6821<\/h6>\n<p>\u65e5\u672c\u96fb\u5b50\u5c02\u9580\u5b66\u6821<\/p>\n<p>\u65e5\u672c\u5de5\u5b66\u9662\u5c02\u9580\u5b66\u6821<\/p>\n<p>\u5c02\u9580\u5b66\u6821 \u6771\u4eac\u5de5\u79d1\u81ea\u52d5\u8eca\u5927\u5b66\u6821 \u81ea\u52d5\u8eca\u6574\u5099\u79d1<\/p>\n<p>\u5c02\u9580\u5b66\u6821\u65e5\u7523\u611b\u5a9b\u81ea\u52d5\u8eca\u5927\u5b66\u6821<\/p>\n<p>\u4e2d\u592e\u5de5\u5b66\u6821<\/p>\n<p>\u6771\u4eac\u30b9\u30af\u30fc\u30eb\u30aa\u30d6\u30d3\u30b8\u30cd\u30b9<\/p>\n<p>\u4e2d\u91ce\u30b9\u30af\u30fc\u30eb\u30aa\u30d6\u30d3\u30b8\u30cd\u30b9<\/p>\n<p>\u6771\u4eac\u30d3\u30b8\u30cd\u30b9\u5916\u8a9e\u30ab\u30ec\u30c3\u30b8<\/p>\n<p>\u4e2d\u592e\u6cd5\u5f8b\u5c02\u9580\u5b66\u6821<\/p>\n<p>\u65e5\u672c\u533b\u7642\u30d3\u30b8\u30cd\u30b9\u5927\u5b66\u6821<\/p>\n<p>\u56fd\u969b\u30d3\u30b8\u30cd\u30b9\u30ab\u30ec\u30c3\u30b8<\/p>\n<p>\u99ff\u53f0\u96fb\u5b50\u60c5\u5831\uff06\u30d3\u30b8\u30cd\u30b9\u5c02\u9580\u5b66\u6821<\/p>\n<p>\u6771\u4eac\u89b3\u5149\u5c02\u9580\u5b66\u6821<\/p>\n<p>\u5c02\u9580\u5b66\u6821\u65e5\u672c\u30db\u30c6\u30eb\u30b9\u30af\u30fc\u30eb<\/p>\n<p>\u65e9\u7a32\u7530\u6587\u7406\u5c02\u9580\u5b66\u6821<\/p>\n<p>\u5c02\u9580\u5b66\u6821\uff25\uff33\uff30\u30df\u30e5\u30fc\u30b8\u30ab\u30eb\u30a2\u30ab\u30c7\u30df\u30fc<\/p>\n<p>\u5c1a\u7f8e\u30df\u30e5\u30fc\u30b8\u30c3\u30af\u30ab\u30ec\u30c3\u30b8<\/p>\n<p>\u5b66\u6821\u6cd5\u4eba\u6771\u4eac\u82b8\u8853\u5b66\u5712\u3000\u97f3\u97ff\u82b8\u8853\u5c02\u9580\u5b66\u6821<\/p>\n<p>\u6771\u653e\u5b66\u5712\u5c02\u9580\u5b66\u6821<\/p>\n<p>\u795e\u7530\u5916\u8a9e\u5c02\u9580\u5b66\u6821<\/p>\n<p>\u65e5\u672c\u5916\u56fd\u8a9e\u5c02\u9580\u5b66\u6821<\/p>\n<p>\u65e9\u7a32\u7530\u5916\u8a9e\u5c02\u9580\u5b66\u6821\u7dcf\u5408\u82f1\u8a9e\u5b66\u79d1<\/p>\n<p>\u6e0b\u8c37\u5916\u56fd\u8a9e\u5c02\u9580\u5b66\u6821<\/p>\n<p>\u6771\u4eac\u30c7\u30b6\u30a4\u30ca\u30fc\u5b66\u9662<\/p>\n<p>\u5c02\u9580\u5b66\u6821\u30d2\u30b3\u30fb\u307f\u3065\u306e\u30b8\u30e5\u30a8\u30ea\u30fc\u30ab\u30ec\u30c3\u30b8<\/p>\n<p>\u6771\u4eac\u30c7\u30b6\u30a4\u30f3\u5c02\u9580\u5b66\u6821<\/p>\n<p>\u6587\u5316\u670d\u88c5\u5b66\u9662<\/p>\n<p>\u5c71\u91ce\u7f8e\u5bb9\u5c02\u9580\u5b66\u6821<\/p>\n<p>\u6771\u4eac\u88fd\u83d3\u5b66\u6821<\/p>\n<p>\u670d\u90e8\u6804\u990a\u5c02\u9580\u5b66\u6821<\/p>\n<p>\u8d64\u5800\u88fd\u83d3\u5c02\u9580\u5b66\u6821<\/p>\n<p>\u8fbb\u8abf\u7406\u5e2b\u5c02\u9580\u5b66\u6821<\/p>\n<\/p><\/div>\n<\/p><\/div>\n<\/p><\/div>\n<\/section>\n","protected":false},"excerpt":{"rendered":"<p>T\u1ed5ng qu\u00e1t T\u00ean tr\u01b0\u1eddng T\u1eadp \u0111o\u00e0n Kounan tr\u01b0\u1eddng Cao \u0111\u1eb3ng ngo\u1ea1i ng\u1eef Waseda Th\u00e0nh l\u1eadp N\u0103m1992, (Th\u00e0nh l\u1eadp khoa ti\u1ebfng [&hellip;]<\/p>\n","protected":false},"author":1,"featured_media":0,"parent":2161,"menu_order":0,"comment_status":"closed","ping_status":"closed","template":"","meta":{"footnotes":""},"class_list":["post-2227","page","type-page","status-publish","hentry"],"_links":{"self":[{"href":"https:\/\/www.waseda-flc.ac.jp\/course\/japanese\/index.php?rest_route=\/wp\/v2\/pages\/2227","targetHints":{"allow":["GET"]}}],"collection":[{"href":"https:\/\/www.waseda-flc.ac.jp\/course\/japanese\/index.php?rest_route=\/wp\/v2\/pages"}],"about":[{"href":"https:\/\/www.waseda-flc.ac.jp\/course\/japanese\/index.php?rest_route=\/wp\/v2\/types\/page"}],"author":[{"embeddable":true,"href":"https:\/\/www.waseda-flc.ac.jp\/course\/japanese\/index.php?rest_route=\/wp\/v2\/users\/1"}],"replies":[{"embeddable":true,"href":"https:\/\/www.waseda-flc.ac.jp\/course\/japanese\/index.php?rest_route=%2Fwp%2Fv2%2Fcomments&post=2227"}],"version-history":[{"count":7,"href":"https:\/\/www.waseda-flc.ac.jp\/course\/japanese\/index.php?rest_route=\/wp\/v2\/pages\/2227\/revisions"}],"predecessor-version":[{"id":2442,"href":"https:\/\/www.waseda-flc.ac.jp\/course\/japanese\/index.php?rest_route=\/wp\/v2\/pages\/2227\/revisions\/2442"}],"up":[{"embeddable":true,"href":"https:\/\/www.waseda-flc.ac.jp\/course\/japanese\/index.php?rest_route=\/wp\/v2\/pages\/2161"}],"wp:attachment":[{"href":"https:\/\/www.waseda-flc.ac.jp\/course\/japanese\/index.php?rest_route=%2Fwp%2Fv2%2Fmedia&parent=2227"}],"curies":[{"name":"wp","href":"https:\/\/api.w.org\/{rel}","templated":true}]}}